{"id":153,"date":"2025-07-27T15:39:16","date_gmt":"2025-07-27T13:39:16","guid":{"rendered":"https:\/\/profishingsport.pl\/?page_id=153"},"modified":"2025-09-10T20:54:48","modified_gmt":"2025-09-10T18:54:48","slug":"aktualnosci","status":"publish","type":"page","link":"https:\/\/profishingsport.pl\/index.php\/aktualnosci\/","title":{"rendered":"Aktualno\u015bci"},"content":{"rendered":"\n    \n    <section class=\"u-clearfix u-grey-10 u-section-2\" id=\"sec-d96d\">\n      <div class=\"u-clearfix u-sheet u-valign-middle-xl u-sheet-1\">\n        <div class=\"u-blog u-expanded-width u-layout-grid u-blog-1\">\n          <div class=\"u-repeater u-repeater-1\">\n            <div class=\"u-blog-post u-container-style u-repeater-item u-white u-repeater-item-1\">\n              <div class=\"u-container-layout u-similar-container u-valign-top u-container-layout-1\"><a class=\"u-blog-control u-expanded-width u-image u-image-default lazyload u-image-1\" href=\"https:\/\/profishingsport.pl\/index.php\/2026\/04\/10\/obowiazkowa-mata-badz-kolyska\/\">\n                <img class=\"u-blog-control u-expanded-width u-image u-image-default lazyload u-image-1\" alt=\"\" data-image-width=\"2000\" data-image-height=\"1333\" data-src=\"https:\/\/profishingsport.pl\/wp-content\/uploads\/2026\/04\/uwaga_img.webp\"><\/a>\n                <div class=\"u-blog-control u-metadata u-metadata-1\">\n                  <span class=\"u-meta-date u-meta-icon\">10 kwietnia, 2026<\/span>\n                  <span class=\"u-meta-category u-meta-icon\"><a class=\"u-textlink\" href=\"https:\/\/profishingsport.pl\/index.php\/category\/ogloszenia\/\" rel=\"category tag\">Og\u0142oszenia<\/a>\n                  <\/span>\n                <\/div>\n                <h4 class=\"u-blog-control u-text u-text-1\">\n                  <a class=\"u-post-header-link\" href=\"https:\/\/profishingsport.pl\/index.php\/2026\/04\/10\/obowiazkowa-mata-badz-kolyska\/\">OBOWI\u0104ZKOWA MATA B\u0104D\u0179 KO\u0141YSKA<\/a>\n                <\/h4>\n                <div class=\"u-blog-control u-post-content u-text u-text-2\"><p>\nOd 11.04.2026 wchodzi w \u017cycie dodatkowy punkt dotycz\u0105cy obowi\u0105zku u\u017cywania mat lub ko\u0142ysek karpiowych. Ze wzgl\u0119du na dba\u0142o\u015b\u0107 rybostanu jakim zosta\u0142&hellip;<\/p>\n                <\/div>\n                <a href=\"https:\/\/profishingsport.pl\/index.php\/2026\/04\/10\/obowiazkowa-mata-badz-kolyska\/\" class=\"u-blog-control u-btn u-button-style u-hover-palette-1-dark-1 u-palette-1-base u-btn-1\">Czytaj<\/a>\n              <\/div>\n            <\/div>\n            <div class=\"u-blog-post u-container-style u-repeater-item u-white u-repeater-item-1\">\n              <div class=\"u-container-layout u-similar-container u-valign-top u-container-layout-1\"><a class=\"u-blog-control u-expanded-width u-image u-image-default lazyload u-image-1\" href=\"https:\/\/profishingsport.pl\/index.php\/2026\/03\/31\/lowisko-wylaczone-z-uzytkowania\/\">\n                <img class=\"u-blog-control u-expanded-width u-image u-image-default lazyload u-image-1\" alt=\"\" data-image-width=\"2000\" data-image-height=\"1333\" data-src=\"https:\/\/profishingsport.pl\/wp-content\/uploads\/2026\/03\/Sklep-BHP-Libres.pl-Zolta-Tablica-Zamkniete-9-Wariantow-Oznaczen.jpg\"><\/a>\n                <div class=\"u-blog-control u-metadata u-metadata-1\">\n                  <span class=\"u-meta-date u-meta-icon\">31 marca, 2026<\/span>\n                  <span class=\"u-meta-category u-meta-icon\"><a class=\"u-textlink\" href=\"https:\/\/profishingsport.pl\/index.php\/category\/ogloszenia\/\" rel=\"category tag\">Og\u0142oszenia<\/a>\n                  <\/span>\n                <\/div>\n                <h4 class=\"u-blog-control u-text u-text-1\">\n                  <a class=\"u-post-header-link\" href=\"https:\/\/profishingsport.pl\/index.php\/2026\/03\/31\/lowisko-wylaczone-z-uzytkowania\/\">\u0141OWISKO WY\u0141\u0104CZONE Z U\u017bYTKOWANIA<\/a>\n                <\/h4>\n                <div class=\"u-blog-control u-post-content u-text u-text-2\"><p>\nINFORMACJA !!! \n\n\n\n\u0141owisko Zalew Piechota od 2.04.2026 do 10.04.2026 roku b\u0119dzie wy\u0142\u0105czone ca\u0142kowicie z u\u017cytkowania dla w\u0119dkarzy. Bardzo &hellip;<\/p>\n                <\/div>\n                <a href=\"https:\/\/profishingsport.pl\/index.php\/2026\/03\/31\/lowisko-wylaczone-z-uzytkowania\/\" class=\"u-blog-control u-btn u-button-style u-hover-palette-1-dark-1 u-palette-1-base u-btn-1\">Czytaj<\/a>\n              <\/div>\n            <\/div>\n            <div class=\"u-blog-post u-container-style u-repeater-item u-white u-repeater-item-1\">\n              <div class=\"u-container-layout u-similar-container u-valign-top u-container-layout-1\"><a class=\"u-blog-control u-expanded-width u-image u-image-default lazyload u-image-1\" href=\"https:\/\/profishingsport.pl\/index.php\/2026\/03\/23\/28-03-2026-lowisko-zamkniete\/\">\n                <img class=\"u-blog-control u-expanded-width u-image u-image-default lazyload u-image-1\" alt=\"\" data-image-width=\"2000\" data-image-height=\"1333\" data-src=\"https:\/\/profishingsport.pl\/wp-content\/uploads\/2026\/03\/584874271_828796093348750_8934338805384888307_n.jpg\"><\/a>\n                <div class=\"u-blog-control u-metadata u-metadata-1\">\n                  <span class=\"u-meta-date u-meta-icon\">23 marca, 2026<\/span>\n                  <span class=\"u-meta-category u-meta-icon\"><a class=\"u-textlink\" href=\"https:\/\/profishingsport.pl\/index.php\/category\/ogloszenia\/\" rel=\"category tag\">Og\u0142oszenia<\/a>\n                  <\/span>\n                <\/div>\n                <h4 class=\"u-blog-control u-text u-text-1\">\n                  <a class=\"u-post-header-link\" href=\"https:\/\/profishingsport.pl\/index.php\/2026\/03\/23\/28-03-2026-lowisko-zamkniete\/\">28.03.2026 \u0141OWISKO ZAMKNI\u0118TE<\/a>\n                <\/h4>\n                <div class=\"u-blog-control u-post-content u-text u-text-2\"><p>\nW dniu 28.03.2026 sobota \u0142owisko b\u0119dzie wy\u0142\u0105czone z w\u0119dkowania indywidualnego do godziny 16:30 ze zwzgledu na odbywaj\u0105ce si\u0119 zawody eliminacyjne &hellip;<\/p>\n                <\/div>\n                <a href=\"https:\/\/profishingsport.pl\/index.php\/2026\/03\/23\/28-03-2026-lowisko-zamkniete\/\" class=\"u-blog-control u-btn u-button-style u-hover-palette-1-dark-1 u-palette-1-base u-btn-1\">Czytaj<\/a>\n              <\/div>\n            <\/div>\n            <div class=\"u-blog-post u-container-style u-repeater-item u-white u-repeater-item-1\">\n              <div class=\"u-container-layout u-similar-container u-valign-top u-container-layout-1\"><a class=\"u-blog-control u-expanded-width u-image u-image-default lazyload u-image-1\" href=\"https:\/\/profishingsport.pl\/index.php\/2025\/12\/27\/oplaty-2026\/\">\n                <img class=\"u-blog-control u-expanded-width u-image u-image-default lazyload u-image-1\" alt=\"\" data-image-width=\"2000\" data-image-height=\"1333\" data-src=\"https:\/\/profishingsport.pl\/wp-content\/uploads\/2025\/12\/OPLATY-2026-e1766872643995.jpg\"><\/a>\n                <div class=\"u-blog-control u-metadata u-metadata-1\">\n                  <span class=\"u-meta-date u-meta-icon\">27 grudnia, 2025<\/span>\n                  <span class=\"u-meta-category u-meta-icon\"><a class=\"u-textlink\" href=\"https:\/\/profishingsport.pl\/index.php\/category\/ogloszenia\/\" rel=\"category tag\">Og\u0142oszenia<\/a>\n                  <\/span>\n                <\/div>\n                <h4 class=\"u-blog-control u-text u-text-1\">\n                  <a class=\"u-post-header-link\" href=\"https:\/\/profishingsport.pl\/index.php\/2025\/12\/27\/oplaty-2026\/\">OP\u0141ATY 2026<\/a>\n                <\/h4>\n                <div class=\"u-blog-control u-post-content u-text u-text-2\"><p>\nCennik zezwole\u0144:\n\n\n\n\nJednodniowa \u2013 40 z\u0142\n\n\n\nRoczna (nowy cz\u0142onek) \u2013 420 z\u0142\n\n\n\nRoczna (obecny cz\u0142onek) \u2013 400 z\u0142\n\n\n\nJednodniowa zawodnicza \u2013 35 &hellip;<\/p>\n                <\/div>\n                <a href=\"https:\/\/profishingsport.pl\/index.php\/2025\/12\/27\/oplaty-2026\/\" class=\"u-blog-control u-btn u-button-style u-hover-palette-1-dark-1 u-palette-1-base u-btn-1\">Czytaj<\/a>\n              <\/div>\n            <\/div>\n            <div class=\"u-blog-post u-container-style u-repeater-item u-white u-repeater-item-1\">\n              <div class=\"u-container-layout u-similar-container u-valign-top u-container-layout-1\"><a class=\"u-blog-control u-expanded-width u-image u-image-default lazyload u-image-1\" href=\"https:\/\/profishingsport.pl\/index.php\/2025\/09\/11\/eliminacje-do-grand-prix-polski-method-feeder-2026-zalew-piechota\/\">\n                <img class=\"u-blog-control u-expanded-width u-image u-image-default lazyload u-image-1\" alt=\"\" data-image-width=\"2000\" data-image-height=\"1333\" data-src=\"https:\/\/profishingsport.pl\/wp-content\/uploads\/2025\/09\/DSC_8721-scaled.jpg\"><\/a>\n                <div class=\"u-blog-control u-metadata u-metadata-1\">\n                  <span class=\"u-meta-date u-meta-icon\">11 wrze\u015bnia, 2025<\/span>\n                  <span class=\"u-meta-category u-meta-icon\"><a class=\"u-textlink\" href=\"https:\/\/profishingsport.pl\/index.php\/category\/wyniki\/\" rel=\"category tag\">WYNIKI<\/a>\n                  <\/span>\n                <\/div>\n                <h4 class=\"u-blog-control u-text u-text-1\">\n                  <a class=\"u-post-header-link\" href=\"https:\/\/profishingsport.pl\/index.php\/2025\/09\/11\/eliminacje-do-grand-prix-polski-method-feeder-2026-zalew-piechota\/\">Eliminacje do Grand Prix Polski Method Feeder 2026 Zalew Piechota<\/a>\n                <\/h4>\n                <div class=\"u-blog-control u-post-content u-text u-text-2\"><p>\n\ud83c\udfa3 Eliminacje do Grand Prix Polski Method Feeder 2026 \u2013 Zalew Piechota \ud83c\udfa3\n\n\n\nW dniach 13\u201314 wrze\u015bnia 2025 roku na malowniczym Zalewie Piechota odb\u0119d\u0105&hellip;<\/p>\n                <\/div>\n                <a href=\"https:\/\/profishingsport.pl\/index.php\/2025\/09\/11\/eliminacje-do-grand-prix-polski-method-feeder-2026-zalew-piechota\/\" class=\"u-blog-control u-btn u-button-style u-hover-palette-1-dark-1 u-palette-1-base u-btn-1\">Czytaj<\/a>\n              <\/div>\n            <\/div>\n            <div class=\"u-blog-post u-container-style u-repeater-item u-white u-repeater-item-1\">\n              <div class=\"u-container-layout u-similar-container u-valign-top u-container-layout-1\"><a class=\"u-blog-control u-expanded-width u-image u-image-default lazyload u-image-1\" href=\"https:\/\/profishingsport.pl\/index.php\/2025\/07\/27\/wpis-testowy-2\/\">\n                <img class=\"u-blog-control u-expanded-width u-image u-image-default lazyload u-image-1\" alt=\"\" data-image-width=\"2000\" data-image-height=\"1333\" data-src=\"https:\/\/profishingsport.pl\/wp-content\/uploads\/2025\/07\/540710095_702633832827541_3471412253904216711_n-e1756993156764.jpg\"><\/a>\n                <div class=\"u-blog-control u-metadata u-metadata-1\">\n                  <span class=\"u-meta-date u-meta-icon\">27 lipca, 2025<\/span>\n                  <span class=\"u-meta-category u-meta-icon\"><a class=\"u-textlink\" href=\"https:\/\/profishingsport.pl\/index.php\/category\/ogloszenia\/\" rel=\"category tag\">Og\u0142oszenia<\/a>\n                  <\/span>\n                <\/div>\n                <h4 class=\"u-blog-control u-text u-text-1\">\n                  <a class=\"u-post-header-link\" href=\"https:\/\/profishingsport.pl\/index.php\/2025\/07\/27\/wpis-testowy-2\/\">Puchar W\u00f3jta Gminy Gostynin i Pro Fishing and Sport<\/a>\n                <\/h4>\n                <div class=\"u-blog-control u-post-content u-text u-text-2\"><p>\n\ud83c\udfa3 Puchar W\u00f3jta Gminy Gostynin \u2013 Zawody Freestylefishing\n\n\n\nW dniach 6\u20137 wrze\u015bnia 2025 r. na \u0142owisku Zalew Piechota odb\u0119d\u0105 si\u0119 dwudniowe zawody &hellip;<\/p>\n                <\/div>\n                <a href=\"https:\/\/profishingsport.pl\/index.php\/2025\/07\/27\/wpis-testowy-2\/\" class=\"u-blog-control u-btn u-button-style u-hover-palette-1-dark-1 u-palette-1-base u-btn-1\">Czytaj<\/a>\n              <\/div>\n            <\/div>\n          <\/div>\n        <\/div>\n      <\/div>\n    <\/section>\n    \n    \n  \n","protected":false},"excerpt":{"rendered":"<p>10 kwietnia, 2026 Og\u0142oszenia OBOWI\u0104ZKOWA MATA B\u0104D\u0179 KO\u0141YSKA Od 11.04.2026 wchodzi w \u017cycie dodatkowy punkt dotycz\u0105cy obowi\u0105zku u\u017cywania mat lub ko\u0142ysek karpiowych. Ze wzgl\u0119du na dba\u0142o\u015b\u0107 rybostanu jakim zosta\u0142&hellip; Czytaj 31 marca, 2026 Og\u0142oszenia \u0141OWISKO WY\u0141\u0104CZONE Z U\u017bYTKOWANIA INFORMACJA !!! \u0141owisko Zalew Piechota od 2.04.2026 do 10.04.2026 roku b\u0119dzie wy\u0142\u0105czone ca\u0142kowicie z u\u017cytkowania dla w\u0119dkarzy. &hellip; <a href=\"https:\/\/profishingsport.pl\/index.php\/aktualnosci\/\" class=\"more-link\">Continue reading<span class=\"screen-reader-text\"> &#8222;Aktualno\u015bci&#8221;<\/span><\/a><\/p>\n","protected":false},"author":1,"featured_media":0,"parent":0,"menu_order":0,"comment_status":"closed","ping_status":"closed","template":"","meta":{"footnotes":""},"class_list":["post-153","page","type-page","status-publish","hentry"],"_links":{"self":[{"href":"https:\/\/profishingsport.pl\/index.php\/wp-json\/wp\/v2\/pages\/153","targetHints":{"allow":["GET"]}}],"collection":[{"href":"https:\/\/profishingsport.pl\/index.php\/wp-json\/wp\/v2\/pages"}],"about":[{"href":"https:\/\/profishingsport.pl\/index.php\/wp-json\/wp\/v2\/types\/page"}],"author":[{"embeddable":true,"href":"https:\/\/profishingsport.pl\/index.php\/wp-json\/wp\/v2\/users\/1"}],"replies":[{"embeddable":true,"href":"https:\/\/profishingsport.pl\/index.php\/wp-json\/wp\/v2\/comments?post=153"}],"version-history":[{"count":11,"href":"https:\/\/profishingsport.pl\/index.php\/wp-json\/wp\/v2\/pages\/153\/revisions"}],"predecessor-version":[{"id":210,"href":"https:\/\/profishingsport.pl\/index.php\/wp-json\/wp\/v2\/pages\/153\/revisions\/210"}],"wp:attachment":[{"href":"https:\/\/profishingsport.pl\/index.php\/wp-json\/wp\/v2\/media?parent=153"}],"curies":[{"name":"wp","href":"https:\/\/api.w.org\/{rel}","templated":true}]}}